{"id":1497,"date":"2025-03-27T03:14:12","date_gmt":"2025-03-27T02:14:12","guid":{"rendered":"https:\/\/ab-i.tech\/?page_id=1497"},"modified":"2025-04-19T12:13:04","modified_gmt":"2025-04-19T10:13:04","slug":"dr-isabelle-buckle","status":"publish","type":"page","link":"https:\/\/ab-i.tech\/en\/dr-isabelle-buckle\/","title":{"rendered":"Dr Isabelle Buckle"},"content":{"rendered":"<div data-elementor-type=\"wp-page\" data-elementor-id=\"1497\" class=\"elementor elementor-1497\">\n\t\t\t\t<div class=\"elementor-element elementor-element-51ef1de e-flex e-con-boxed wpr-particle-no wpr-jarallax-no wpr-parallax-no wpr-sticky-section-no e-con e-parent\" data-id=\"51ef1de\" data-element_type=\"container\" data-settings=\"{&quot;background_background&quot;:&quot;classic&quot;}\">\n\t\t\t\t\t<div class=\"e-con-inner\">\n\t\t<div class=\"elementor-element elementor-element-83e1eb5 e-con-full e-flex wpr-particle-no wpr-jarallax-no wpr-parallax-no wpr-sticky-section-no e-con e-child\" data-id=\"83e1eb5\" data-element_type=\"container\">\n\t\t\t\t<div class=\"elementor-element elementor-element-3c7fde0 elementor-widget elementor-widget-spacer\" data-id=\"3c7fde0\" data-element_type=\"widget\" data-widget_type=\"spacer.default\">\n\t\t\t\t<div class=\"elementor-widget-container\">\n\t\t\t\t\t\t\t<div class=\"elementor-spacer\">\n\t\t\t<div class=\"elementor-spacer-inner\"><\/div>\n\t\t<\/div>\n\t\t\t\t\t\t<\/div>\n\t\t\t\t<\/div>\n\t\t\t\t<div class=\"elementor-element elementor-element-2e7b5d5 elementor-widget__width-initial elementor-widget elementor-widget-image\" data-id=\"2e7b5d5\" data-element_type=\"widget\" data-widget_type=\"image.default\">\n\t\t\t\t<div class=\"elementor-widget-container\">\n\t\t\t\t\t\t\t\t\t\t\t\t\t\t\t<img fetchpriority=\"high\" decoding=\"async\" width=\"284\" height=\"300\" src=\"https:\/\/ab-i.tech\/wp-content\/uploads\/2025\/04\/img-abi444-05-284x300.png\" class=\"attachment-medium size-medium wp-image-3099\" alt=\"\" srcset=\"https:\/\/ab-i.tech\/wp-content\/uploads\/2025\/04\/img-abi444-05-284x300.png 284w, https:\/\/ab-i.tech\/wp-content\/uploads\/2025\/04\/img-abi444-05-969x1024.png 969w, https:\/\/ab-i.tech\/wp-content\/uploads\/2025\/04\/img-abi444-05-768x812.png 768w, https:\/\/ab-i.tech\/wp-content\/uploads\/2025\/04\/img-abi444-05-1453x1536.png 1453w, https:\/\/ab-i.tech\/wp-content\/uploads\/2025\/04\/img-abi444-05-11x12.png 11w, https:\/\/ab-i.tech\/wp-content\/uploads\/2025\/04\/img-abi444-05.png 1693w\" sizes=\"(max-width: 284px) 100vw, 284px\" \/>\t\t\t\t\t\t\t\t\t\t\t\t\t\t\t<\/div>\n\t\t\t\t<\/div>\n\t\t\t\t<\/div>\n\t\t<div class=\"elementor-element elementor-element-43411ca e-con-full e-flex wpr-particle-no wpr-jarallax-no wpr-parallax-no wpr-sticky-section-no e-con e-child\" data-id=\"43411ca\" data-element_type=\"container\">\n\t\t<div class=\"elementor-element elementor-element-d042f77 e-con-full e-flex wpr-particle-no wpr-jarallax-no wpr-parallax-no wpr-sticky-section-no e-con e-child\" data-id=\"d042f77\" data-element_type=\"container\">\n\t\t\t\t<div class=\"elementor-element elementor-element-646f7f5 elementor-widget elementor-widget-spacer\" data-id=\"646f7f5\" data-element_type=\"widget\" data-widget_type=\"spacer.default\">\n\t\t\t\t<div class=\"elementor-widget-container\">\n\t\t\t\t\t\t\t<div class=\"elementor-spacer\">\n\t\t\t<div class=\"elementor-spacer-inner\"><\/div>\n\t\t<\/div>\n\t\t\t\t\t\t<\/div>\n\t\t\t\t<\/div>\n\t\t\t\t<\/div>\n\t\t\t\t<div class=\"elementor-element elementor-element-ee732b2 elementor-vertical-align-middle elementor-widget elementor-widget-icon-box\" data-id=\"ee732b2\" data-element_type=\"widget\" data-widget_type=\"icon-box.default\">\n\t\t\t\t<div class=\"elementor-widget-container\">\n\t\t\t\t\t\t\t<div class=\"elementor-icon-box-wrapper\">\n\n\t\t\t\n\t\t\t\t\t\t<div class=\"elementor-icon-box-content\">\n\n\t\t\t\t\t\t\t\t\t<h4 class=\"elementor-icon-box-title\">\n\t\t\t\t\t\t<span  >\n\t\t\t\t\t\t\tDr Isabelle Buckle\t\t\t\t\t\t<\/span>\n\t\t\t\t\t<\/h4>\n\t\t\t\t\n\t\t\t\t\n\t\t\t<\/div>\n\t\t\t\n\t\t<\/div>\n\t\t\t\t\t\t<\/div>\n\t\t\t\t<\/div>\n\t\t\t\t<div class=\"elementor-element elementor-element-75aa338 elementor-widget elementor-widget-text-editor\" data-id=\"75aa338\" data-element_type=\"widget\" data-widget_type=\"text-editor.default\">\n\t\t\t\t<div class=\"elementor-widget-container\">\n\t\t\t\t\t\t\t\t\t<p><b>Executive Vice President, Technology Transfer and Industrial Partnerships, Institut Pasteur, Paris, France<\/b><\/p>\t\t\t\t\t\t\t\t<\/div>\n\t\t\t\t<\/div>\n\t\t\t\t<div class=\"elementor-element elementor-element-8cc2200 elementor-widget elementor-widget-text-editor\" data-id=\"8cc2200\" data-element_type=\"widget\" data-widget_type=\"text-editor.default\">\n\t\t\t\t<div class=\"elementor-widget-container\">\n\t\t\t\t\t\t\t\t\t<p><span style=\"font-weight: 400;\">Dr Isabelle Buckle, PhD, is armed with over 30 years of scientific commercial and business skills in biotechnology forged from an extensive and eclectic experience with such companies as Bruker Daltonics (Global Vice President Clinical Mass Spectrometry), CEO and Chairman at InGen Biosciences (an in vitro diagnostics French group), Life Technologies (now part of Thermo Fisher Scientific, as Global Head European Pharma\u2019s Accounts) and at Ciphergen Biosystems Inc (as Regional Director, Head of Business Development Diagnostics), to name some of the posts occupied. At Institut Pasteur, Dr Buckle is the Executive Vice-President for Technology Transfer and Industrial Partnerships.<\/span><span style=\"font-weight: 400;\"><br><\/span><span style=\"font-weight: 400;\">\u00c0 l&rsquo;Institut Pasteur, le Dr Buckle occupe le poste de Vice-Pr\u00e9sidente Ex\u00e9cutive en charge du Transfert de Technologie et des Partenariats industriels.<\/span><\/p>\n<p><span style=\"font-weight: 400;\">The Department of Research Applications and Industrial Relations (DARRI) mission is to promote translational research in order to increase the impact of fundamental research on public health issues.<\/span><\/p>\n<p><span style=\"font-weight: 400;\">The Institut Pasteur\u2019s innovation strategy is based on the following principles: a transversal organization that covers the entire innovation process; an innovation accelerator that supports the most promising applications; optimized positioning of patents within strategic areas, and, intensified promotion of inventive activity in the institute.<\/span><\/p>\n<p><span style=\"font-weight: 400;\">The Institut Pasteur has been labeled as an Institut Carnot by the French government since the creation of the label in 2007. Isabelle has a BSc and Masters in Biochemistry followed by a PhD in Microbiology from the University of Paris VII for a thesis carried out at the Institut Pasteur.<\/span><\/p>\n<p class=\"translation-block\">In addition to her activities at the Institute Pasteur, Isabelle is a member of the Healthcare Businesswomen's Association (HBA), European chapter, and was president-elect 2012. HBA is an international organization that aims to develop and empower women, both professionally and on a personal level.<\/p>\t\t\t\t\t\t\t\t<\/div>\n\t\t\t\t<\/div>\n\t\t\t\t<\/div>\n\t\t\t\t\t<\/div>\n\t\t\t\t<\/div>\n\t\t\t\t<\/div>","protected":false},"excerpt":{"rendered":"<p>Dr Isabelle Buckle Vice-Pr\u00e9sidente Ex\u00e9cutive, Transfert de Technologie et Partenariats industriels, Institut Pasteur, Paris, France Le Dr Isabelle Buckle, Ph.D, poss\u00e8de plus de 30 ans d&rsquo;exp\u00e9rience alliant expertise scientifique, comp\u00e9tences commerciales et aptitudes en gestion d&rsquo;entreprise dans le secteur de la biotechnologie. Son parcours riche et \u00e9clectique s\u2019est forg\u00e9 au sein de soci\u00e9t\u00e9s telles que Bruker Daltonics (Vice-Pr\u00e9sidente mondiale en Spectrom\u00e9trie de Masse clinique), InGen Biosciences (Pr\u00e9sidente-Directrice g\u00e9n\u00e9rale et Pr\u00e9sidente du Conseil d\u2019Administration d\u2019un groupe fran\u00e7ais sp\u00e9cialis\u00e9 dans le diagnostic in vitro), Life Technologies (d\u00e9sormais int\u00e9gr\u00e9 \u00e0 Thermo Fisher Scientific, en tant que Responsable mondiale des Comptes pharmaceutiques europ\u00e9ens) et Ciphergen Biosystems Inc. (Directrice R\u00e9gionale, responsable du D\u00e9veloppement commercial pour le Diagnostic), pour ne citer que quelques-uns des postes qu\u2019elle a occup\u00e9s.\u00c0 l&rsquo;Institut Pasteur, le Dr Buckle occupe le poste de Vice-Pr\u00e9sidente Ex\u00e9cutive en charge du Transfert de Technologie et des Partenariats industriels. Le D\u00e9partement Recherche appliqu\u00e9e et Relations industrielles (DARRI) a pour mission de promouvoir la recherche translationnelle afin d&rsquo;accro\u00eetre l&rsquo;impact de la recherche fondamentale sur les enjeux de sant\u00e9 publique. La strat\u00e9gie d&rsquo;innovation de l&rsquo;Institut Pasteur repose sur plusieurs principes cl\u00e9s : une organisation transversale couvrant l\u2019ensemble du processus d&rsquo;innovation ; un acc\u00e9l\u00e9rateur d&rsquo;innovation soutenant les applications les plus prometteuses ; un positionnement strat\u00e9gique optimis\u00e9 des brevets ; et une intensification de la valorisation de l\u2019activit\u00e9 inventive au sein de l\u2019Institut. Depuis la cr\u00e9ation du label en 2007, l&rsquo;Institut Pasteur b\u00e9n\u00e9ficie de la reconnaissance \u00ab\u00a0Institut Carnot\u00a0\u00bb d\u00e9cern\u00e9e par le gouvernement fran\u00e7ais. Dr Buckle est titulaire d&rsquo;une licence et d&rsquo;un master en biochimie, ainsi que d&rsquo;un doctorat en microbiologie obtenu \u00e0 l&rsquo;Universit\u00e9 Paris VII, pour une th\u00e8se r\u00e9alis\u00e9e \u00e0 l&rsquo;Institut Pasteur.En parall\u00e8le de ses fonctions \u00e0 l\u2019Institut Pasteur, Dr Buckle est \u00e9galement membre de la section europ\u00e9enne de la Healthcare Businesswomen\u2019s Association (HBA), dont elle a \u00e9t\u00e9 pr\u00e9sidente \u00e9lue en 2012. La HBA est une organisation internationale d\u00e9di\u00e9e au d\u00e9veloppement professionnel et personnel des femmes dans le secteur de la sant\u00e9.<\/p>","protected":false},"author":1,"featured_media":0,"parent":0,"menu_order":0,"comment_status":"closed","ping_status":"closed","template":"","meta":{"site-sidebar-layout":"no-sidebar","site-content-layout":"","ast-site-content-layout":"full-width-container","site-content-style":"default","site-sidebar-style":"default","ast-global-header-display":"","ast-banner-title-visibility":"","ast-main-header-display":"","ast-hfb-above-header-display":"","ast-hfb-below-header-display":"","ast-hfb-mobile-header-display":"","site-post-title":"disabled","ast-breadcrumbs-content":"","ast-featured-img":"disabled","footer-sml-layout":"","theme-transparent-header-meta":"","adv-header-id-meta":"","stick-header-meta":"","header-above-stick-meta":"","header-main-stick-meta":"","header-below-stick-meta":"","astra-migrate-meta-layouts":"default","ast-page-background-enabled":"default","ast-page-background-meta":{"desktop":{"background-color":"var(--ast-global-color-4)","background-image":"","background-repeat":"repeat","background-position":"center center","background-size":"auto","background-attachment":"scroll","background-type":"","background-media":"","overlay-type":"","overlay-color":"","overlay-opacity":"","overlay-gradient":""},"tablet":{"background-color":"","background-image":"","background-repeat":"repeat","background-position":"center center","background-size":"auto","background-attachment":"scroll","background-type":"","background-media":"","overlay-type":"","overlay-color":"","overlay-opacity":"","overlay-gradient":""},"mobile":{"background-color":"","background-image":"","background-repeat":"repeat","background-position":"center center","background-size":"auto","background-attachment":"scroll","background-type":"","background-media":"","overlay-type":"","overlay-color":"","overlay-opacity":"","overlay-gradient":""}},"ast-content-background-meta":{"desktop":{"background-color":"var(--ast-global-color-5)","background-image":"","background-repeat":"repeat","background-position":"center center","background-size":"auto","background-attachment":"scroll","background-type":"","background-media":"","overlay-type":"","overlay-color":"","overlay-opacity":"","overlay-gradient":""},"tablet":{"background-color":"var(--ast-global-color-5)","background-image":"","background-repeat":"repeat","background-position":"center center","background-size":"auto","background-attachment":"scroll","background-type":"","background-media":"","overlay-type":"","overlay-color":"","overlay-opacity":"","overlay-gradient":""},"mobile":{"background-color":"var(--ast-global-color-5)","background-image":"","background-repeat":"repeat","background-position":"center center","background-size":"auto","background-attachment":"scroll","background-type":"","background-media":"","overlay-type":"","overlay-color":"","overlay-opacity":"","overlay-gradient":""}},"footnotes":""},"class_list":["post-1497","page","type-page","status-publish","hentry"],"_links":{"self":[{"href":"https:\/\/ab-i.tech\/en\/wp-json\/wp\/v2\/pages\/1497","targetHints":{"allow":["GET"]}}],"collection":[{"href":"https:\/\/ab-i.tech\/en\/wp-json\/wp\/v2\/pages"}],"about":[{"href":"https:\/\/ab-i.tech\/en\/wp-json\/wp\/v2\/types\/page"}],"author":[{"embeddable":true,"href":"https:\/\/ab-i.tech\/en\/wp-json\/wp\/v2\/users\/1"}],"replies":[{"embeddable":true,"href":"https:\/\/ab-i.tech\/en\/wp-json\/wp\/v2\/comments?post=1497"}],"version-history":[{"count":43,"href":"https:\/\/ab-i.tech\/en\/wp-json\/wp\/v2\/pages\/1497\/revisions"}],"predecessor-version":[{"id":3688,"href":"https:\/\/ab-i.tech\/en\/wp-json\/wp\/v2\/pages\/1497\/revisions\/3688"}],"wp:attachment":[{"href":"https:\/\/ab-i.tech\/en\/wp-json\/wp\/v2\/media?parent=1497"}],"curies":[{"name":"wp","href":"https:\/\/api.w.org\/{rel}","templated":true}]}}