{"id":1492,"date":"2025-03-27T03:09:03","date_gmt":"2025-03-27T02:09:03","guid":{"rendered":"https:\/\/ab-i.tech\/?page_id=1492"},"modified":"2025-04-19T12:08:51","modified_gmt":"2025-04-19T10:08:51","slug":"professeur-salem-chouaieb","status":"publish","type":"page","link":"https:\/\/ab-i.tech\/en\/professeur-salem-chouaieb\/","title":{"rendered":"Professeur Salem Chouaieb"},"content":{"rendered":"<div data-elementor-type=\"wp-page\" data-elementor-id=\"1492\" class=\"elementor elementor-1492\">\n\t\t\t\t<div class=\"elementor-element elementor-element-b085ad8 e-flex e-con-boxed wpr-particle-no wpr-jarallax-no wpr-parallax-no wpr-sticky-section-no e-con e-parent\" data-id=\"b085ad8\" data-element_type=\"container\" data-settings=\"{&quot;background_background&quot;:&quot;classic&quot;}\">\n\t\t\t\t\t<div class=\"e-con-inner\">\n\t\t<div class=\"elementor-element elementor-element-037e0de e-con-full e-flex wpr-particle-no wpr-jarallax-no wpr-parallax-no wpr-sticky-section-no e-con e-child\" data-id=\"037e0de\" data-element_type=\"container\">\n\t\t\t\t<div class=\"elementor-element elementor-element-513a37c elementor-widget elementor-widget-spacer\" data-id=\"513a37c\" data-element_type=\"widget\" data-widget_type=\"spacer.default\">\n\t\t\t\t<div class=\"elementor-widget-container\">\n\t\t\t\t\t\t\t<div class=\"elementor-spacer\">\n\t\t\t<div class=\"elementor-spacer-inner\"><\/div>\n\t\t<\/div>\n\t\t\t\t\t\t<\/div>\n\t\t\t\t<\/div>\n\t\t\t\t<div class=\"elementor-element elementor-element-2bbf04f elementor-widget__width-initial elementor-widget elementor-widget-image\" data-id=\"2bbf04f\" data-element_type=\"widget\" data-widget_type=\"image.default\">\n\t\t\t\t<div class=\"elementor-widget-container\">\n\t\t\t\t\t\t\t\t\t\t\t\t\t\t\t<img fetchpriority=\"high\" decoding=\"async\" width=\"284\" height=\"300\" src=\"https:\/\/ab-i.tech\/wp-content\/uploads\/2025\/04\/img-abi-06-06-284x300.png\" class=\"attachment-medium size-medium wp-image-3095\" alt=\"\" srcset=\"https:\/\/ab-i.tech\/wp-content\/uploads\/2025\/04\/img-abi-06-06-284x300.png 284w, https:\/\/ab-i.tech\/wp-content\/uploads\/2025\/04\/img-abi-06-06-969x1024.png 969w, https:\/\/ab-i.tech\/wp-content\/uploads\/2025\/04\/img-abi-06-06-768x812.png 768w, https:\/\/ab-i.tech\/wp-content\/uploads\/2025\/04\/img-abi-06-06-1453x1536.png 1453w, https:\/\/ab-i.tech\/wp-content\/uploads\/2025\/04\/img-abi-06-06-11x12.png 11w, https:\/\/ab-i.tech\/wp-content\/uploads\/2025\/04\/img-abi-06-06.png 1693w\" sizes=\"(max-width: 284px) 100vw, 284px\" \/>\t\t\t\t\t\t\t\t\t\t\t\t\t\t\t<\/div>\n\t\t\t\t<\/div>\n\t\t\t\t<\/div>\n\t\t<div class=\"elementor-element elementor-element-141f28d e-con-full e-flex wpr-particle-no wpr-jarallax-no wpr-parallax-no wpr-sticky-section-no e-con e-child\" data-id=\"141f28d\" data-element_type=\"container\">\n\t\t<div class=\"elementor-element elementor-element-9384195 e-con-full e-flex wpr-particle-no wpr-jarallax-no wpr-parallax-no wpr-sticky-section-no e-con e-child\" data-id=\"9384195\" data-element_type=\"container\">\n\t\t\t\t<div class=\"elementor-element elementor-element-a0d6664 elementor-widget elementor-widget-spacer\" data-id=\"a0d6664\" data-element_type=\"widget\" data-widget_type=\"spacer.default\">\n\t\t\t\t<div class=\"elementor-widget-container\">\n\t\t\t\t\t\t\t<div class=\"elementor-spacer\">\n\t\t\t<div class=\"elementor-spacer-inner\"><\/div>\n\t\t<\/div>\n\t\t\t\t\t\t<\/div>\n\t\t\t\t<\/div>\n\t\t\t\t<div class=\"elementor-element elementor-element-a651712 elementor-vertical-align-middle elementor-widget elementor-widget-icon-box\" data-id=\"a651712\" data-element_type=\"widget\" data-widget_type=\"icon-box.default\">\n\t\t\t\t<div class=\"elementor-widget-container\">\n\t\t\t\t\t\t\t<div class=\"elementor-icon-box-wrapper\">\n\n\t\t\t\n\t\t\t\t\t\t<div class=\"elementor-icon-box-content\">\n\n\t\t\t\t\t\t\t\t\t<h4 class=\"elementor-icon-box-title\">\n\t\t\t\t\t\t<span  >\n\t\t\t\t\t\t\tPr Salem Chouaieb\t\t\t\t\t\t<\/span>\n\t\t\t\t\t<\/h4>\n\t\t\t\t\n\t\t\t\t\n\t\t\t<\/div>\n\t\t\t\n\t\t<\/div>\n\t\t\t\t\t\t<\/div>\n\t\t\t\t<\/div>\n\t\t\t\t<div class=\"elementor-element elementor-element-db5802e elementor-widget elementor-widget-text-editor\" data-id=\"db5802e\" data-element_type=\"widget\" data-widget_type=\"text-editor.default\">\n\t\t\t\t<div class=\"elementor-widget-container\">\n\t\t\t\t\t\t\t\t\t<p><b>Emeritus Professor at INSERM and former Vice-Chancellor for Research and Director of TRIPM, Gulf Medical University, UAE<\/b><\/p>\t\t\t\t\t\t\t\t<\/div>\n\t\t\t\t<\/div>\n\t\t\t\t<\/div>\n\t\t\t\t<div class=\"elementor-element elementor-element-0c9bba1 elementor-widget elementor-widget-text-editor\" data-id=\"0c9bba1\" data-element_type=\"widget\" data-widget_type=\"text-editor.default\">\n\t\t\t\t<div class=\"elementor-widget-container\">\n\t\t\t\t\t\t\t\t\t<p class=\"translation-block\">Dr Salem Chouaib completed his undergraduate studies at the university of Pierre and Marie Curie (Paris VI) at Pasteur Institute. He received his Doctorate es-sciences (Ph.D.) in immunology, (laboratory of Jean Dausset,) in 1983 from the same university. He then joined the Memorial Sloan Kettering Cancer Center in New York where he undertook a post-doctoral training in Human Immunogenetics Laboratory. In 1986, he was appointed as research associate at the French National Institute of Health and Biomedical Research (INSERM) and joined the tumor biology department at the Institut Gustave Roussy. In 1994 he became Research Director at INSERM and head of tumor immunology laboratory (INSERM U487) at Gustave Roussy.<\/p>\n<p><span style=\"font-weight: 400;\">Dr Chouaib\u2019s research focuses on the investigation of the reactivity of killer cells in the context of tumor microenvironment complexity and plasticity. Dr Chouaib current research is focusing on the impact of tumor hypoxia on anti-tumor immune response regulation and acquisition of tumor resistant phenotype. His research was constantly directed at impulsing the transfer of fundamental concepts in clinical application in particular in the field of cancer immunotherapy. Recently, he created the Thumbay Research Institute for Precision Medicine at the Gulf Medical University .<\/span><\/p>\n<p><span style=\"font-weight: 400;\">Dr Chouaib\u2019s research focuses on the investigation of the reactivity of killer cells in the context of tumor microenvironment complexity and plasticity. Dr Chouaib current research is focusing on the impact of tumor hypoxia on anti-tumor immune response regulation and acquisition of tumor resistant phenotype. His research was constantly directed at impulsing the transfer of fundamental concepts in clinical application in particular in the field of cancer immunotherapy. Recently, he created the Thumbay Research Institute for Precision Medicine at the Gulf Medical University .<\/span><span style=\"font-weight: 400;\"><br><\/span><span style=\"font-weight: 400;\">Plus r\u00e9cemment, il a fond\u00e9 le Thumbay Research Institute for Precision Medicine \u00e0 Gulf Medical University.<\/span><\/p>\n<p><span style=\"font-weight: 400;\">He was awarded the cancer research prize of the French league against cancer in 1992 and in 2004 the presidential prize in biotechnology. He is a devoted educator having directed the work of many postdoctoral fellows.<\/span><\/p>\n<p><span style=\"font-weight: 400;\">. He is lecturing on cancer immunology for the PhD programs at the University Paris Sud since 1992.<\/span><\/p>\n<p><span style=\"font-weight: 400;\">Dr Salem Chouaib has authored over 350 publications and several reviews in the field of human immunology and tumor biology, as well as an editorship for contributions to several books. Furthermore, he is a guest lecturer at different universities.<\/span><span style=\"font-weight: 400;\"><br><\/span><span style=\"font-weight: 400;\">He is adhoc referee for numerous journals and scientific foundations. He is a member of various professional associations and is a scientific advisor and consultant in many scientific institutions.<\/span><\/p>\t\t\t\t\t\t\t\t<\/div>\n\t\t\t\t<\/div>\n\t\t\t\t<\/div>\n\t\t\t\t\t<\/div>\n\t\t\t\t<\/div>\n\t\t\t\t<\/div>","protected":false},"excerpt":{"rendered":"<p>Pr Salem Chouaieb Professeur \u00c9m\u00e9rite \u00e0 l\u2019INSERM et ancien Vice-Chancelier charg\u00e9 de la Recherche et Directeur du TRIPM, Gulf Medical University, \u00c9mirats Arabes Unis Le Prof. Salem Chouaib a effectu\u00e9 ses \u00e9tudes universitaires \u00e0 l\u2019Universit\u00e9 Pierre et Marie Curie (Paris VI) au sein de l\u2019Institut Pasteur. Il a obtenu en 1983 un Doctorat (Ph.D.) en immunologie dans le laboratoire du Professeur Jean Dausset, au sein de la m\u00eame universit\u00e9.Il a ensuite rejoint le Memorial Sloan Kettering Cancer Center \u00e0 New York, o\u00f9 il a effectu\u00e9 un postdoctorat au Laboratoire d\u2019Immunog\u00e9n\u00e9tique humaine. En 1986, il est nomm\u00e9 charg\u00e9 de recherche \u00e0 l&rsquo;Institut National de la Sant\u00e9 et de la Recherche M\u00e9dicale (INSERM) et int\u00e8gre le d\u00e9partement de biologie des tumeurs de l\u2019Institut Gustave Roussy. En 1994, il devient Directeur de Recherche \u00e0 l&rsquo;INSERM et prend la t\u00eate du laboratoire d\u2019immunologie tumorale (INSERM U487) au sein du m\u00eame institut. Les travaux de recherche du Pr Chouaib portent sur l\u2019\u00e9tude de la r\u00e9activit\u00e9 des cellules tueuses (killer cells)&nbsp; dans le contexte de la complexit\u00e9 et de la plasticit\u00e9 du micro-environnement tumoral. Ses recherches actuelles s&rsquo;int\u00e9ressent particuli\u00e8rement \u00e0 l&rsquo;impact de l&rsquo;hypoxie tumorale sur la r\u00e9gulation de la r\u00e9ponse immunitaire antitumorale ainsi que sur l\u2019acquisition d&rsquo;un ph\u00e9notype de r\u00e9sistance des tumeurs. Son activit\u00e9 scientifique a constamment vis\u00e9 \u00e0 favoriser le transfert des concepts fondamentaux vers des applications cliniques, en particulier dans le domaine de l\u2019immunoth\u00e9rapie du cancer.Plus r\u00e9cemment, il a fond\u00e9 le Thumbay Research Institute for Precision Medicine \u00e0 Gulf Medical University. Le Pr Chouaib a re\u00e7u le Prix de la Recherche contre le Cancer d\u00e9cern\u00e9 par la Ligue nationale contre le Cancer en 1992, ainsi que le Prix pr\u00e9sidentiel en Biotechnologie en 2004. \u00c9galement tr\u00e8s engag\u00e9 dans l\u2019enseignement, il a encadr\u00e9 de nombreux chercheurs postdoctoraux et dispense depuis 1992 des cours d\u2019immunologie des cancers dans les programmes de doctorat \u00e0 l\u2019Universit\u00e9 Paris-Sud. Le Pr Chouaib est l\u2019auteur de plus de 350 publications scientifiques et de plusieurs revues dans les domaines de l\u2019immunologie humaine et de la biologie tumorale, ainsi que par des contributions \u00e0 la r\u00e9daction de plusieurs ouvrages collectifs.Par ailleurs, il intervient r\u00e9guli\u00e8rement en tant que conf\u00e9rencier invit\u00e9 dans diff\u00e9rentes universit\u00e9s, est expert \u00e9valuateur pour de nombreuses revues scientifiques et fondations de recherche, et si\u00e8ge en tant que conseiller scientifique et consultant aupr\u00e8s de plusieurs institutions scientifiques.<\/p>","protected":false},"author":1,"featured_media":0,"parent":0,"menu_order":0,"comment_status":"closed","ping_status":"closed","template":"","meta":{"site-sidebar-layout":"no-sidebar","site-content-layout":"","ast-site-content-layout":"full-width-container","site-content-style":"default","site-sidebar-style":"default","ast-global-header-display":"","ast-banner-title-visibility":"","ast-main-header-display":"","ast-hfb-above-header-display":"","ast-hfb-below-header-display":"","ast-hfb-mobile-header-display":"","site-post-title":"disabled","ast-breadcrumbs-content":"","ast-featured-img":"disabled","footer-sml-layout":"","theme-transparent-header-meta":"","adv-header-id-meta":"","stick-header-meta":"","header-above-stick-meta":"","header-main-stick-meta":"","header-below-stick-meta":"","astra-migrate-meta-layouts":"default","ast-page-background-enabled":"default","ast-page-background-meta":{"desktop":{"background-color":"var(--ast-global-color-4)","background-image":"","background-repeat":"repeat","background-position":"center center","background-size":"auto","background-attachment":"scroll","background-type":"","background-media":"","overlay-type":"","overlay-color":"","overlay-opacity":"","overlay-gradient":""},"tablet":{"background-color":"","background-image":"","background-repeat":"repeat","background-position":"center center","background-size":"auto","background-attachment":"scroll","background-type":"","background-media":"","overlay-type":"","overlay-color":"","overlay-opacity":"","overlay-gradient":""},"mobile":{"background-color":"","background-image":"","background-repeat":"repeat","background-position":"center center","background-size":"auto","background-attachment":"scroll","background-type":"","background-media":"","overlay-type":"","overlay-color":"","overlay-opacity":"","overlay-gradient":""}},"ast-content-background-meta":{"desktop":{"background-color":"var(--ast-global-color-5)","background-image":"","background-repeat":"repeat","background-position":"center center","background-size":"auto","background-attachment":"scroll","background-type":"","background-media":"","overlay-type":"","overlay-color":"","overlay-opacity":"","overlay-gradient":""},"tablet":{"background-color":"var(--ast-global-color-5)","background-image":"","background-repeat":"repeat","background-position":"center center","background-size":"auto","background-attachment":"scroll","background-type":"","background-media":"","overlay-type":"","overlay-color":"","overlay-opacity":"","overlay-gradient":""},"mobile":{"background-color":"var(--ast-global-color-5)","background-image":"","background-repeat":"repeat","background-position":"center center","background-size":"auto","background-attachment":"scroll","background-type":"","background-media":"","overlay-type":"","overlay-color":"","overlay-opacity":"","overlay-gradient":""}},"footnotes":""},"class_list":["post-1492","page","type-page","status-publish","hentry"],"_links":{"self":[{"href":"https:\/\/ab-i.tech\/en\/wp-json\/wp\/v2\/pages\/1492","targetHints":{"allow":["GET"]}}],"collection":[{"href":"https:\/\/ab-i.tech\/en\/wp-json\/wp\/v2\/pages"}],"about":[{"href":"https:\/\/ab-i.tech\/en\/wp-json\/wp\/v2\/types\/page"}],"author":[{"embeddable":true,"href":"https:\/\/ab-i.tech\/en\/wp-json\/wp\/v2\/users\/1"}],"replies":[{"embeddable":true,"href":"https:\/\/ab-i.tech\/en\/wp-json\/wp\/v2\/comments?post=1492"}],"version-history":[{"count":49,"href":"https:\/\/ab-i.tech\/en\/wp-json\/wp\/v2\/pages\/1492\/revisions"}],"predecessor-version":[{"id":3685,"href":"https:\/\/ab-i.tech\/en\/wp-json\/wp\/v2\/pages\/1492\/revisions\/3685"}],"wp:attachment":[{"href":"https:\/\/ab-i.tech\/en\/wp-json\/wp\/v2\/media?parent=1492"}],"curies":[{"name":"wp","href":"https:\/\/api.w.org\/{rel}","templated":true}]}}