{"id":1482,"date":"2025-03-27T03:03:33","date_gmt":"2025-03-27T02:03:33","guid":{"rendered":"https:\/\/ab-i.tech\/?page_id=1482"},"modified":"2026-05-02T12:43:27","modified_gmt":"2026-05-02T10:43:27","slug":"dr-hela-kallel","status":"publish","type":"page","link":"https:\/\/ab-i.tech\/en\/dr-hela-kallel\/","title":{"rendered":"Dr Hela Kallel"},"content":{"rendered":"<div data-elementor-type=\"wp-page\" data-elementor-id=\"1482\" class=\"elementor elementor-1482\">\n\t\t\t\t<div class=\"elementor-element elementor-element-c2be0e2 e-flex e-con-boxed wpr-particle-no wpr-jarallax-no wpr-parallax-no wpr-sticky-section-no e-con e-parent\" data-id=\"c2be0e2\" data-element_type=\"container\" data-settings=\"{&quot;background_background&quot;:&quot;classic&quot;}\">\n\t\t\t\t\t<div class=\"e-con-inner\">\n\t\t<div class=\"elementor-element elementor-element-53cd023 e-con-full e-flex wpr-particle-no wpr-jarallax-no wpr-parallax-no wpr-sticky-section-no e-con e-child\" data-id=\"53cd023\" data-element_type=\"container\">\n\t\t\t\t<div class=\"elementor-element elementor-element-be73765 elementor-widget elementor-widget-spacer\" data-id=\"be73765\" data-element_type=\"widget\" data-widget_type=\"spacer.default\">\n\t\t\t\t<div class=\"elementor-widget-container\">\n\t\t\t\t\t\t\t<div class=\"elementor-spacer\">\n\t\t\t<div class=\"elementor-spacer-inner\"><\/div>\n\t\t<\/div>\n\t\t\t\t\t\t<\/div>\n\t\t\t\t<\/div>\n\t\t\t\t<div class=\"elementor-element elementor-element-ddf4aa6 elementor-widget__width-initial elementor-widget elementor-widget-image\" data-id=\"ddf4aa6\" data-element_type=\"widget\" data-widget_type=\"image.default\">\n\t\t\t\t<div class=\"elementor-widget-container\">\n\t\t\t\t\t\t\t\t\t\t\t\t\t\t\t<img fetchpriority=\"high\" decoding=\"async\" width=\"284\" height=\"300\" src=\"https:\/\/ab-i.tech\/wp-content\/uploads\/2025\/04\/img-abi-08-1-284x300.png\" class=\"attachment-medium size-medium wp-image-3247\" alt=\"\" srcset=\"https:\/\/ab-i.tech\/wp-content\/uploads\/2025\/04\/img-abi-08-1-284x300.png 284w, https:\/\/ab-i.tech\/wp-content\/uploads\/2025\/04\/img-abi-08-1-969x1024.png 969w, https:\/\/ab-i.tech\/wp-content\/uploads\/2025\/04\/img-abi-08-1-768x812.png 768w, https:\/\/ab-i.tech\/wp-content\/uploads\/2025\/04\/img-abi-08-1-1453x1536.png 1453w, https:\/\/ab-i.tech\/wp-content\/uploads\/2025\/04\/img-abi-08-1-11x12.png 11w, https:\/\/ab-i.tech\/wp-content\/uploads\/2025\/04\/img-abi-08-1.png 1693w\" sizes=\"(max-width: 284px) 100vw, 284px\" \/>\t\t\t\t\t\t\t\t\t\t\t\t\t\t\t<\/div>\n\t\t\t\t<\/div>\n\t\t\t\t<\/div>\n\t\t<div class=\"elementor-element elementor-element-69c6101 e-con-full e-flex wpr-particle-no wpr-jarallax-no wpr-parallax-no wpr-sticky-section-no e-con e-child\" data-id=\"69c6101\" data-element_type=\"container\">\n\t\t<div class=\"elementor-element elementor-element-fa62ea9 e-con-full e-flex wpr-particle-no wpr-jarallax-no wpr-parallax-no wpr-sticky-section-no e-con e-child\" data-id=\"fa62ea9\" data-element_type=\"container\">\n\t\t\t\t<div class=\"elementor-element elementor-element-8ed6003 elementor-widget elementor-widget-spacer\" data-id=\"8ed6003\" data-element_type=\"widget\" data-widget_type=\"spacer.default\">\n\t\t\t\t<div class=\"elementor-widget-container\">\n\t\t\t\t\t\t\t<div class=\"elementor-spacer\">\n\t\t\t<div class=\"elementor-spacer-inner\"><\/div>\n\t\t<\/div>\n\t\t\t\t\t\t<\/div>\n\t\t\t\t<\/div>\n\t\t\t\t<\/div>\n\t\t\t\t<div class=\"elementor-element elementor-element-311d1e8 elementor-vertical-align-middle elementor-widget elementor-widget-icon-box\" data-id=\"311d1e8\" data-element_type=\"widget\" data-widget_type=\"icon-box.default\">\n\t\t\t\t<div class=\"elementor-widget-container\">\n\t\t\t\t\t\t\t<div class=\"elementor-icon-box-wrapper\">\n\n\t\t\t\n\t\t\t\t\t\t<div class=\"elementor-icon-box-content\">\n\n\t\t\t\t\t\t\t\t\t<h4 class=\"elementor-icon-box-title\">\n\t\t\t\t\t\t<span  >\n\t\t\t\t\t\t\tDr Hela Kallel\t\t\t\t\t\t<\/span>\n\t\t\t\t\t<\/h4>\n\t\t\t\t\n\t\t\t\t\n\t\t\t<\/div>\n\t\t\t\n\t\t<\/div>\n\t\t\t\t\t\t<\/div>\n\t\t\t\t<\/div>\n\t\t\t\t<div class=\"elementor-element elementor-element-a8b25e9 elementor-widget elementor-widget-text-editor\" data-id=\"a8b25e9\" data-element_type=\"widget\" data-widget_type=\"text-editor.default\">\n\t\t\t\t<div class=\"elementor-widget-container\">\n\t\t\t\t\t\t\t\t\t<p><b>CMC Technology Lead chez CEPI<\/b><\/p>\t\t\t\t\t\t\t\t<\/div>\n\t\t\t\t<\/div>\n\t\t\t\t<div class=\"elementor-element elementor-element-7412899 elementor-widget elementor-widget-text-editor\" data-id=\"7412899\" data-element_type=\"widget\" data-widget_type=\"text-editor.default\">\n\t\t\t\t<div class=\"elementor-widget-container\">\n\t\t\t\t\t\t\t\t\t<p data-start=\"48\" data-end=\"504\" class=\"translation-block\">Hela Kallel recently joined CEPI as CMC Technology Lead. With over twenty-five years of experience in process and vaccine development, Hela has led teams at the Institut Pasteur de Tunis (1996\u20132019), advancing cost-effective, high-yield processes across live\/attenuated, subunit, and vectored vaccine modalities.<\/p><p data-start=\"506\" data-end=\"733\">She directed the clinical development of veterinary rabies vaccines and the preclinical development of human rabies vaccines, managed multiple international projects, and supervised numerous doctoral candidates.<\/p><p data-start=\"735\" data-end=\"1061\" class=\"translation-block\">From January 2020 to February 2025, Hela worked at Univercells and Quantoom Biosciences, overseeing viral vaccine process development using scale-X technology and mRNA production, and leading vaccine co-development programs with external partners.<\/p><p data-start=\"1063\" data-end=\"1201\">Dr. Kallel holds a Ph.D. in biotechnology from France and has authored more than forty scientific publications.<\/p>\t\t\t\t\t\t\t\t<\/div>\n\t\t\t\t<\/div>\n\t\t\t\t<\/div>\n\t\t\t\t\t<\/div>\n\t\t\t\t<\/div>\n\t\t\t\t<\/div>","protected":false},"excerpt":{"rendered":"<p>Dr Hela Kallel CMC Technology Lead chez CEPI Hela Kallel a r\u00e9cemment rejoint le CEPI en tant que CMC Technology Lead. Forte de plus de vingt-cinq ans d\u2019exp\u00e9rience dans le d\u00e9veloppement des proc\u00e9d\u00e9s et des vaccins, elle a dirig\u00e9 durant de nombreuses ann\u00e9es des \u00e9quipes \u00e0 l\u2019Institut Pasteur de Tunis (1996\u20132019), en faisant progresser des proc\u00e9d\u00e9s \u00e0 la fois \u00e9conomiques et \u00e0 haut rendement, couvrant diff\u00e9rentes approches vaccinales : vaccins vivants\/att\u00e9nu\u00e9s, sous-unitaires et \u00e0 vecteur viral. Elle a pilot\u00e9 le d\u00e9veloppement clinique de vaccins v\u00e9t\u00e9rinaires contre la rage ainsi que le d\u00e9veloppement pr\u00e9clinique de vaccins humains contre la rage, g\u00e9r\u00e9 plusieurs projets internationaux et encadr\u00e9 de nombreux doctorants. De janvier 2020 \u00e0 f\u00e9vrier 2025, Hela a travaill\u00e9 chez Univercells puis Quantoom Biosciences, o\u00f9 elle a supervis\u00e9 le d\u00e9veloppement de proc\u00e9d\u00e9s pour vaccins viraux utilisant la technologie scale-X ainsi que la production d\u2019ARNm, tout en menant des programmes de co-d\u00e9veloppement vaccinal avec des partenaires externes. La Dr Kallel est titulaire d\u2019un doctorat en biotechnologie obtenu en France et est auteure de plus de quarante publications scientifiques.<\/p>","protected":false},"author":1,"featured_media":0,"parent":0,"menu_order":0,"comment_status":"closed","ping_status":"closed","template":"","meta":{"site-sidebar-layout":"no-sidebar","site-content-layout":"","ast-site-content-layout":"full-width-container","site-content-style":"default","site-sidebar-style":"default","ast-global-header-display":"","ast-banner-title-visibility":"","ast-main-header-display":"","ast-hfb-above-header-display":"","ast-hfb-below-header-display":"","ast-hfb-mobile-header-display":"","site-post-title":"disabled","ast-breadcrumbs-content":"","ast-featured-img":"disabled","footer-sml-layout":"","theme-transparent-header-meta":"","adv-header-id-meta":"","stick-header-meta":"","header-above-stick-meta":"","header-main-stick-meta":"","header-below-stick-meta":"","astra-migrate-meta-layouts":"default","ast-page-background-enabled":"default","ast-page-background-meta":{"desktop":{"background-color":"var(--ast-global-color-4)","background-image":"","background-repeat":"repeat","background-position":"center center","background-size":"auto","background-attachment":"scroll","background-type":"","background-media":"","overlay-type":"","overlay-color":"","overlay-opacity":"","overlay-gradient":""},"tablet":{"background-color":"","background-image":"","background-repeat":"repeat","background-position":"center center","background-size":"auto","background-attachment":"scroll","background-type":"","background-media":"","overlay-type":"","overlay-color":"","overlay-opacity":"","overlay-gradient":""},"mobile":{"background-color":"","background-image":"","background-repeat":"repeat","background-position":"center center","background-size":"auto","background-attachment":"scroll","background-type":"","background-media":"","overlay-type":"","overlay-color":"","overlay-opacity":"","overlay-gradient":""}},"ast-content-background-meta":{"desktop":{"background-color":"var(--ast-global-color-5)","background-image":"","background-repeat":"repeat","background-position":"center center","background-size":"auto","background-attachment":"scroll","background-type":"","background-media":"","overlay-type":"","overlay-color":"","overlay-opacity":"","overlay-gradient":""},"tablet":{"background-color":"var(--ast-global-color-5)","background-image":"","background-repeat":"repeat","background-position":"center center","background-size":"auto","background-attachment":"scroll","background-type":"","background-media":"","overlay-type":"","overlay-color":"","overlay-opacity":"","overlay-gradient":""},"mobile":{"background-color":"var(--ast-global-color-5)","background-image":"","background-repeat":"repeat","background-position":"center center","background-size":"auto","background-attachment":"scroll","background-type":"","background-media":"","overlay-type":"","overlay-color":"","overlay-opacity":"","overlay-gradient":""}},"footnotes":""},"class_list":["post-1482","page","type-page","status-publish","hentry"],"_links":{"self":[{"href":"https:\/\/ab-i.tech\/en\/wp-json\/wp\/v2\/pages\/1482","targetHints":{"allow":["GET"]}}],"collection":[{"href":"https:\/\/ab-i.tech\/en\/wp-json\/wp\/v2\/pages"}],"about":[{"href":"https:\/\/ab-i.tech\/en\/wp-json\/wp\/v2\/types\/page"}],"author":[{"embeddable":true,"href":"https:\/\/ab-i.tech\/en\/wp-json\/wp\/v2\/users\/1"}],"replies":[{"embeddable":true,"href":"https:\/\/ab-i.tech\/en\/wp-json\/wp\/v2\/comments?post=1482"}],"version-history":[{"count":70,"href":"https:\/\/ab-i.tech\/en\/wp-json\/wp\/v2\/pages\/1482\/revisions"}],"predecessor-version":[{"id":3930,"href":"https:\/\/ab-i.tech\/en\/wp-json\/wp\/v2\/pages\/1482\/revisions\/3930"}],"wp:attachment":[{"href":"https:\/\/ab-i.tech\/en\/wp-json\/wp\/v2\/media?parent=1482"}],"curies":[{"name":"wp","href":"https:\/\/api.w.org\/{rel}","templated":true}]}}