{"id":1464,"date":"2025-03-27T02:53:00","date_gmt":"2025-03-27T01:53:00","guid":{"rendered":"https:\/\/ab-i.tech\/?page_id=1464"},"modified":"2025-04-19T11:57:31","modified_gmt":"2025-04-19T09:57:31","slug":"professeur-hechmi-louzir","status":"publish","type":"page","link":"https:\/\/ab-i.tech\/en\/professeur-hechmi-louzir\/","title":{"rendered":"Professeur Hechmi Louzir"},"content":{"rendered":"<div data-elementor-type=\"wp-page\" data-elementor-id=\"1464\" class=\"elementor elementor-1464\">\n\t\t\t\t<div class=\"elementor-element elementor-element-e6aed83 e-flex e-con-boxed wpr-particle-no wpr-jarallax-no wpr-parallax-no wpr-sticky-section-no e-con e-parent\" data-id=\"e6aed83\" data-element_type=\"container\" data-settings=\"{&quot;background_background&quot;:&quot;classic&quot;}\">\n\t\t\t\t\t<div class=\"e-con-inner\">\n\t\t<div class=\"elementor-element elementor-element-ad3008b e-con-full e-flex wpr-particle-no wpr-jarallax-no wpr-parallax-no wpr-sticky-section-no e-con e-child\" data-id=\"ad3008b\" data-element_type=\"container\">\n\t\t\t\t<div class=\"elementor-element elementor-element-8e4ebf8 elementor-widget elementor-widget-spacer\" data-id=\"8e4ebf8\" data-element_type=\"widget\" data-widget_type=\"spacer.default\">\n\t\t\t\t<div class=\"elementor-widget-container\">\n\t\t\t\t\t\t\t<div class=\"elementor-spacer\">\n\t\t\t<div class=\"elementor-spacer-inner\"><\/div>\n\t\t<\/div>\n\t\t\t\t\t\t<\/div>\n\t\t\t\t<\/div>\n\t\t\t\t<div class=\"elementor-element elementor-element-7feebcb elementor-widget__width-initial elementor-widget elementor-widget-image\" data-id=\"7feebcb\" data-element_type=\"widget\" data-widget_type=\"image.default\">\n\t\t\t\t<div class=\"elementor-widget-container\">\n\t\t\t\t\t\t\t\t\t\t\t\t\t\t\t<img fetchpriority=\"high\" decoding=\"async\" width=\"284\" height=\"300\" src=\"https:\/\/ab-i.tech\/wp-content\/uploads\/2025\/04\/1730652662034-01-284x300.png\" class=\"attachment-medium size-medium wp-image-2935\" alt=\"\" srcset=\"https:\/\/ab-i.tech\/wp-content\/uploads\/2025\/04\/1730652662034-01-284x300.png 284w, https:\/\/ab-i.tech\/wp-content\/uploads\/2025\/04\/1730652662034-01-969x1024.png 969w, https:\/\/ab-i.tech\/wp-content\/uploads\/2025\/04\/1730652662034-01-768x812.png 768w, https:\/\/ab-i.tech\/wp-content\/uploads\/2025\/04\/1730652662034-01-1453x1536.png 1453w, https:\/\/ab-i.tech\/wp-content\/uploads\/2025\/04\/1730652662034-01-11x12.png 11w, https:\/\/ab-i.tech\/wp-content\/uploads\/2025\/04\/1730652662034-01.png 1693w\" sizes=\"(max-width: 284px) 100vw, 284px\" \/>\t\t\t\t\t\t\t\t\t\t\t\t\t\t\t<\/div>\n\t\t\t\t<\/div>\n\t\t\t\t<\/div>\n\t\t<div class=\"elementor-element elementor-element-15f343c e-con-full e-flex wpr-particle-no wpr-jarallax-no wpr-parallax-no wpr-sticky-section-no e-con e-child\" data-id=\"15f343c\" data-element_type=\"container\">\n\t\t<div class=\"elementor-element elementor-element-3cbe1ea e-con-full e-flex wpr-particle-no wpr-jarallax-no wpr-parallax-no wpr-sticky-section-no e-con e-child\" data-id=\"3cbe1ea\" data-element_type=\"container\">\n\t\t\t\t<div class=\"elementor-element elementor-element-d9a715e elementor-widget elementor-widget-spacer\" data-id=\"d9a715e\" data-element_type=\"widget\" data-widget_type=\"spacer.default\">\n\t\t\t\t<div class=\"elementor-widget-container\">\n\t\t\t\t\t\t\t<div class=\"elementor-spacer\">\n\t\t\t<div class=\"elementor-spacer-inner\"><\/div>\n\t\t<\/div>\n\t\t\t\t\t\t<\/div>\n\t\t\t\t<\/div>\n\t\t\t\t<\/div>\n\t\t\t\t<div class=\"elementor-element elementor-element-f591ee2 elementor-vertical-align-middle elementor-widget elementor-widget-icon-box\" data-id=\"f591ee2\" data-element_type=\"widget\" data-widget_type=\"icon-box.default\">\n\t\t\t\t<div class=\"elementor-widget-container\">\n\t\t\t\t\t\t\t<div class=\"elementor-icon-box-wrapper\">\n\n\t\t\t\n\t\t\t\t\t\t<div class=\"elementor-icon-box-content\">\n\n\t\t\t\t\t\t\t\t\t<h4 class=\"elementor-icon-box-title\">\n\t\t\t\t\t\t<span  >\n\t\t\t\t\t\t\tPr Hechmi Louzir\t\t\t\t\t\t<\/span>\n\t\t\t\t\t<\/h4>\n\t\t\t\t\n\t\t\t\t\n\t\t\t<\/div>\n\t\t\t\n\t\t<\/div>\n\t\t\t\t\t\t<\/div>\n\t\t\t\t<\/div>\n\t\t\t\t<div class=\"elementor-element elementor-element-1532be6 elementor-widget elementor-widget-text-editor\" data-id=\"1532be6\" data-element_type=\"widget\" data-widget_type=\"text-editor.default\">\n\t\t\t\t<div class=\"elementor-widget-container\">\n\t\t\t\t\t\t\t\t\t<p><b>Chairman of the Scientific Advisory Board (SAB), Independent Expert, and Former General Director of the Institut Pasteur de Tunis<\/b><\/p>\t\t\t\t\t\t\t\t<\/div>\n\t\t\t\t<\/div>\n\t\t\t\t<div class=\"elementor-element elementor-element-1adb226 elementor-widget elementor-widget-text-editor\" data-id=\"1adb226\" data-element_type=\"widget\" data-widget_type=\"text-editor.default\">\n\t\t\t\t<div class=\"elementor-widget-container\">\n\t\t\t\t\t\t\t\t\t<p><span style=\"font-weight: 400;\">Prof. Hechmi Louzir is a Professor of Medicine and Immunology at the Faculty of Medicine of Tunis \/ University of Tunis El Manar, and former  General Director of the Institut Pasteur de Tunis, a position he held from July 2007 to October 2023.<\/span><\/p>\n<p><span style=\"font-weight: 400;\">Following graduation from the Faculty of Medicine of Tunis, he completed residency at the Institut Pasteur in Paris.. At the end of 1988, he joined the Immunology Laboratory at the Institut Pasteur de Tunis and the Faculty of Medicine of Tunis as an Assistant Professor.\nHe developed numerous research programs on host-pathogen interactions and contributed to the development of educational programs in fundamental and clinical immunology<\/span><span style=\"font-weight: 400;\"><br><\/span><span style=\"font-weight: 400;\"> He is the author or co-author of over eighty scientific publications and several patents.\nHe was involved in over thirty research projects funded by international organizations and supervised the research work of more than forty students, including six PhD theses.<\/span><\/p>\n<p><span style=\"font-weight: 400;\">Prof. Hechmi Louzir held the position of General Director at the Institut Pasteur de Tunis from July 2007 to October 2023. He was elected to the Assembly of the Institut Pasteur in Paris and became a member of the Executive Council of the International Network of Pasteur Institutes. He also coordinated the MATI region (Morocco, Algeria, Tunisia, Iran) from 2008 to 2019 and later,  the Euro-Mediterranean region from 2021 to 2023.He also served on numerous scientific boards of institutes and international research organizations and acted as an expert evaluator for several research programs funded by the European Commission and other international agencies.<\/span><\/p>\n<p><span style=\"font-weight: 400;\">During the COVID-19 crisis, he played a central role in managing the scientific response to the pandemic in Tunisia, leading the Scientific Vaccination Committee and overseeing the national vaccination campaign.<\/span><\/p>\n<p><span style=\"font-weight: 400;\">Prof. Hechmi Louzir is a member of the World Health Organization (WHO) Advisory Committee on Health Research for the Eastern Mediterranean Region and a member of the Lancet Commission on 21st Century Global Health Threats.<\/span><\/p>\t\t\t\t\t\t\t\t<\/div>\n\t\t\t\t<\/div>\n\t\t\t\t<\/div>\n\t\t\t\t\t<\/div>\n\t\t\t\t<\/div>\n\t\t\t\t<\/div>","protected":false},"excerpt":{"rendered":"<p>Pr Hechmi Louzir Pr\u00e9sident du SAB, expert ind\u00e9pendant et ancien Directeur g\u00e9n\u00e9ral de l\u2019Institut Pasteur de Tunis Le Professeur Hechmi Louzir est Professeur de M\u00e9decine et d\u2019Immunologie \u00e0 la Facult\u00e9 de M\u00e9decine de Tunis \/ Universit\u00e9 de Tunis El Manar, et ancien Directeur g\u00e9n\u00e9ral de l\u2019Institut Pasteur de Tunis, fonction qu\u2019il a occup\u00e9e de juillet 2007 \u00e0 octobre 2023. Dipl\u00f4m\u00e9 de la Facult\u00e9 de M\u00e9decine de Tunis, il a poursuivi un internat \u00e0 l\u2019Institut Pasteur de Paris. \u00c0 la fin de l\u2019ann\u00e9e 1988, il rejoint le laboratoire d\u2019immunologie de l\u2019Institut Pasteur de Tunis ainsi que la Facult\u00e9 de M\u00e9decine de Tunis en tant que Ma\u00eetre-Assistant. Il a d\u00e9velopp\u00e9 de nombreux programmes de recherche sur les interactions h\u00f4te-pathog\u00e8ne et a contribu\u00e9 \u00e0 l&rsquo;\u00e9laboration des programmes d&rsquo;enseignement en immunologie fondamentale et clinique. Il est auteur ou coauteur de plus de quatre-vingts publications scientifiques ainsi que de plusieurs brevets. Il a particip\u00e9 \u00e0 plus de trente projets de recherche financ\u00e9s par des organismes internationaux et a dirig\u00e9 les travaux de recherche de plus de quarante \u00e9tudiants, dont six th\u00e8ses de doctorat. De juillet 2007 \u00e0 octobre 2023, Hechmi Louzir a exerc\u00e9 les fonctions de Directeur g\u00e9n\u00e9ral de l\u2019Institut Pasteur de Tunis. Il a \u00e9t\u00e9 \u00e9lu membre de l&rsquo;Assembl\u00e9e de l&rsquo;Institut Pasteur de Paris, membre du Conseil Ex\u00e9cutif du R\u00e9seau international des Instituts Pasteur, et a assur\u00e9 la coordination de la r\u00e9gion MATI (Maroc, Alg\u00e9rie, Tunisie, Iran) de 2008 \u00e0 2019, puis de la r\u00e9gion euro-m\u00e9diterran\u00e9enne de 2021 \u00e0 2023. Le Professeur Louzir a \u00e9galement si\u00e9g\u00e9 au sein de nombreux conseils scientifiques d&rsquo;instituts et d&rsquo;organisations internationales de recherche. Il a en outre agi en tant qu&rsquo;expert-\u00e9valuateur pour plusieurs programmes de recherche financ\u00e9s par la Commission europ\u00e9enne et d&rsquo;autres agences internationales. Pendant la crise du COVID-19, il a jou\u00e9 un r\u00f4le central dans la gestion scientifique de la pand\u00e9mie en Tunisie, en dirigeant le Comit\u00e9 scientifique de Vaccination, puis en supervisant la campagne nationale de vaccination. Hechmi Louzir est membre du Comit\u00e9 consultatif de Recherche en Sant\u00e9 de l\u2019Organisation Mondiale de la Sant\u00e9 (OMS) pour la r\u00e9gion M\u00e9diterran\u00e9e Orientale et membre de la Commission Lancet sur les Menaces du 21\u1d49 si\u00e8cle pour la Sant\u00e9 mondiale.<\/p>","protected":false},"author":1,"featured_media":0,"parent":0,"menu_order":0,"comment_status":"closed","ping_status":"closed","template":"","meta":{"site-sidebar-layout":"no-sidebar","site-content-layout":"","ast-site-content-layout":"full-width-container","site-content-style":"default","site-sidebar-style":"default","ast-global-header-display":"","ast-banner-title-visibility":"","ast-main-header-display":"","ast-hfb-above-header-display":"","ast-hfb-below-header-display":"","ast-hfb-mobile-header-display":"","site-post-title":"disabled","ast-breadcrumbs-content":"","ast-featured-img":"disabled","footer-sml-layout":"","theme-transparent-header-meta":"","adv-header-id-meta":"","stick-header-meta":"","header-above-stick-meta":"","header-main-stick-meta":"","header-below-stick-meta":"","astra-migrate-meta-layouts":"default","ast-page-background-enabled":"default","ast-page-background-meta":{"desktop":{"background-color":"var(--ast-global-color-4)","background-image":"","background-repeat":"repeat","background-position":"center center","background-size":"auto","background-attachment":"scroll","background-type":"","background-media":"","overlay-type":"","overlay-color":"","overlay-opacity":"","overlay-gradient":""},"tablet":{"background-color":"","background-image":"","background-repeat":"repeat","background-position":"center center","background-size":"auto","background-attachment":"scroll","background-type":"","background-media":"","overlay-type":"","overlay-color":"","overlay-opacity":"","overlay-gradient":""},"mobile":{"background-color":"","background-image":"","background-repeat":"repeat","background-position":"center center","background-size":"auto","background-attachment":"scroll","background-type":"","background-media":"","overlay-type":"","overlay-color":"","overlay-opacity":"","overlay-gradient":""}},"ast-content-background-meta":{"desktop":{"background-color":"var(--ast-global-color-5)","background-image":"","background-repeat":"repeat","background-position":"center center","background-size":"auto","background-attachment":"scroll","background-type":"","background-media":"","overlay-type":"","overlay-color":"","overlay-opacity":"","overlay-gradient":""},"tablet":{"background-color":"var(--ast-global-color-5)","background-image":"","background-repeat":"repeat","background-position":"center center","background-size":"auto","background-attachment":"scroll","background-type":"","background-media":"","overlay-type":"","overlay-color":"","overlay-opacity":"","overlay-gradient":""},"mobile":{"background-color":"var(--ast-global-color-5)","background-image":"","background-repeat":"repeat","background-position":"center center","background-size":"auto","background-attachment":"scroll","background-type":"","background-media":"","overlay-type":"","overlay-color":"","overlay-opacity":"","overlay-gradient":""}},"footnotes":""},"class_list":["post-1464","page","type-page","status-publish","hentry"],"_links":{"self":[{"href":"https:\/\/ab-i.tech\/en\/wp-json\/wp\/v2\/pages\/1464","targetHints":{"allow":["GET"]}}],"collection":[{"href":"https:\/\/ab-i.tech\/en\/wp-json\/wp\/v2\/pages"}],"about":[{"href":"https:\/\/ab-i.tech\/en\/wp-json\/wp\/v2\/types\/page"}],"author":[{"embeddable":true,"href":"https:\/\/ab-i.tech\/en\/wp-json\/wp\/v2\/users\/1"}],"replies":[{"embeddable":true,"href":"https:\/\/ab-i.tech\/en\/wp-json\/wp\/v2\/comments?post=1464"}],"version-history":[{"count":58,"href":"https:\/\/ab-i.tech\/en\/wp-json\/wp\/v2\/pages\/1464\/revisions"}],"predecessor-version":[{"id":3675,"href":"https:\/\/ab-i.tech\/en\/wp-json\/wp\/v2\/pages\/1464\/revisions\/3675"}],"wp:attachment":[{"href":"https:\/\/ab-i.tech\/en\/wp-json\/wp\/v2\/media?parent=1464"}],"curies":[{"name":"wp","href":"https:\/\/api.w.org\/{rel}","templated":true}]}}