{"id":1238,"date":"2025-03-25T14:54:50","date_gmt":"2025-03-25T13:54:50","guid":{"rendered":"https:\/\/dev-abitechin.pantheonsite.io\/?page_id=1238"},"modified":"2025-04-19T12:47:39","modified_gmt":"2025-04-19T10:47:39","slug":"marcbonneville","status":"publish","type":"page","link":"https:\/\/ab-i.tech\/en\/marcbonneville\/","title":{"rendered":"marcbonneville"},"content":{"rendered":"<div data-elementor-type=\"wp-page\" data-elementor-id=\"1238\" class=\"elementor elementor-1238\">\n\t\t\t\t<div class=\"elementor-element elementor-element-f3b1f59 e-flex e-con-boxed wpr-particle-no wpr-jarallax-no wpr-parallax-no wpr-sticky-section-no e-con e-parent\" data-id=\"f3b1f59\" data-element_type=\"container\" data-settings=\"{&quot;background_background&quot;:&quot;classic&quot;}\">\n\t\t\t\t\t<div class=\"e-con-inner\">\n\t\t<div class=\"elementor-element elementor-element-c1e99da e-con-full e-flex wpr-particle-no wpr-jarallax-no wpr-parallax-no wpr-sticky-section-no e-con e-child\" data-id=\"c1e99da\" data-element_type=\"container\">\n\t\t\t\t<div class=\"elementor-element elementor-element-f7ff838 elementor-widget elementor-widget-spacer\" data-id=\"f7ff838\" data-element_type=\"widget\" data-widget_type=\"spacer.default\">\n\t\t\t\t<div class=\"elementor-widget-container\">\n\t\t\t\t\t\t\t<div class=\"elementor-spacer\">\n\t\t\t<div class=\"elementor-spacer-inner\"><\/div>\n\t\t<\/div>\n\t\t\t\t\t\t<\/div>\n\t\t\t\t<\/div>\n\t\t\t\t<div class=\"elementor-element elementor-element-cb6db3f elementor-widget__width-initial elementor-widget elementor-widget-image\" data-id=\"cb6db3f\" data-element_type=\"widget\" data-widget_type=\"image.default\">\n\t\t\t\t<div class=\"elementor-widget-container\">\n\t\t\t\t\t\t\t\t\t\t\t\t\t\t\t<img fetchpriority=\"high\" decoding=\"async\" width=\"284\" height=\"300\" src=\"https:\/\/ab-i.tech\/wp-content\/uploads\/2025\/04\/img-abi1111-07-284x300.png\" class=\"attachment-medium size-medium wp-image-3092\" alt=\"\" srcset=\"https:\/\/ab-i.tech\/wp-content\/uploads\/2025\/04\/img-abi1111-07-284x300.png 284w, https:\/\/ab-i.tech\/wp-content\/uploads\/2025\/04\/img-abi1111-07-969x1024.png 969w, https:\/\/ab-i.tech\/wp-content\/uploads\/2025\/04\/img-abi1111-07-768x812.png 768w, https:\/\/ab-i.tech\/wp-content\/uploads\/2025\/04\/img-abi1111-07-1453x1536.png 1453w, https:\/\/ab-i.tech\/wp-content\/uploads\/2025\/04\/img-abi1111-07-11x12.png 11w, https:\/\/ab-i.tech\/wp-content\/uploads\/2025\/04\/img-abi1111-07.png 1693w\" sizes=\"(max-width: 284px) 100vw, 284px\" \/>\t\t\t\t\t\t\t\t\t\t\t\t\t\t\t<\/div>\n\t\t\t\t<\/div>\n\t\t\t\t<\/div>\n\t\t<div class=\"elementor-element elementor-element-6d125ea e-con-full e-flex wpr-particle-no wpr-jarallax-no wpr-parallax-no wpr-sticky-section-no e-con e-child\" data-id=\"6d125ea\" data-element_type=\"container\">\n\t\t<div class=\"elementor-element elementor-element-f98b2cb e-con-full e-flex wpr-particle-no wpr-jarallax-no wpr-parallax-no wpr-sticky-section-no e-con e-child\" data-id=\"f98b2cb\" data-element_type=\"container\">\n\t\t\t\t<div class=\"elementor-element elementor-element-9f73a41 elementor-widget elementor-widget-spacer\" data-id=\"9f73a41\" data-element_type=\"widget\" data-widget_type=\"spacer.default\">\n\t\t\t\t<div class=\"elementor-widget-container\">\n\t\t\t\t\t\t\t<div class=\"elementor-spacer\">\n\t\t\t<div class=\"elementor-spacer-inner\"><\/div>\n\t\t<\/div>\n\t\t\t\t\t\t<\/div>\n\t\t\t\t<\/div>\n\t\t\t\t<\/div>\n\t\t\t\t<div class=\"elementor-element elementor-element-f4597d2 elementor-vertical-align-middle elementor-widget elementor-widget-icon-box\" data-id=\"f4597d2\" data-element_type=\"widget\" data-widget_type=\"icon-box.default\">\n\t\t\t\t<div class=\"elementor-widget-container\">\n\t\t\t\t\t\t\t<div class=\"elementor-icon-box-wrapper\">\n\n\t\t\t\n\t\t\t\t\t\t<div class=\"elementor-icon-box-content\">\n\n\t\t\t\t\t\t\t\t\t<h4 class=\"elementor-icon-box-title\">\n\t\t\t\t\t\t<span  >\n\t\t\t\t\t\t\tPr Marc Bonneville\t\t\t\t\t\t<\/span>\n\t\t\t\t\t<\/h4>\n\t\t\t\t\n\t\t\t\t\n\t\t\t<\/div>\n\t\t\t\n\t\t<\/div>\n\t\t\t\t\t\t<\/div>\n\t\t\t\t<\/div>\n\t\t\t\t<div class=\"elementor-element elementor-element-6629592 elementor-widget elementor-widget-text-editor\" data-id=\"6629592\" data-element_type=\"widget\" data-widget_type=\"text-editor.default\">\n\t\t\t\t<div class=\"elementor-widget-container\">\n\t\t\t\t\t\t\t\t\t<p><strong>Vice President of Medical and Scientific Affairs, Institut Merieux, France, and Chief Scientific Officer at ImCheck Therapeutics<\/strong><\/p>\t\t\t\t\t\t\t\t<\/div>\n\t\t\t\t<\/div>\n\t\t\t\t<div class=\"elementor-element elementor-element-fd4f3f2 elementor-widget elementor-widget-text-editor\" data-id=\"fd4f3f2\" data-element_type=\"widget\" data-widget_type=\"text-editor.default\">\n\t\t\t\t<div class=\"elementor-widget-container\">\n\t\t\t\t\t\t\t\t\t<p><span style=\"font-weight: 400;\">A veterinary doctor and Research Director at CNRS, Prof. Marc Bonneville, is currently the Chief Scientific and Medical Officer at Institut M\u00e9rieux.<\/span><\/p><p><span style=\"font-weight: 400;\">From 1983 to 2013, he pursued an academic research career in immunology and led an INSERM research center in France for over fifteen years.<\/span><span style=\"font-weight: 400;\"><br \/><\/span><span style=\"font-weight: 400;\"> In 2013, he was appointed Vice President of Scientific and Medical Affairs at Institut M\u00e9rieux, a biopharmaceutical group developing diagnostic, therapeutic, and service activities related to infectious diseases, cancer, and food safety.<\/span><span style=\"font-weight: 400;\"><br \/><\/span><span style=\"font-weight: 400;\"> Since 2016, he has chaired the Alliance for Research and Innovation of Health Industries (ARIIS), an organization promoting partnerships between public research and industry in health innovation<\/span><\/p><p><span style=\"font-weight: 400;\">\u00a0<\/span><span style=\"font-weight: 400;\">Between 2020 and 2022, Prof. Marc Bonneville served as Chief Scientific and Medical Officer of the M\u00e9rieux Foundation, a non-profit organization working to strengthen diagnostic and research capacities in resource-limited countries and communitie facing infectious diseases.<\/span><\/p><p class=\"translation-block\">Author of over 200 scientific publications, he is also the co-inventor of eight patents and co-founder of Innate Pharma SA.\nHe has participated in more than fifty national and international scientific advisory boards and evaluation committees.\nProf. Marc Bonneville is a recipient of the CNRS Bronze and Silver Medals, as well as several awards from charitable foundations.<\/p>\t\t\t\t\t\t\t\t<\/div>\n\t\t\t\t<\/div>\n\t\t\t\t<\/div>\n\t\t\t\t\t<\/div>\n\t\t\t\t<\/div>\n\t\t\t\t<\/div>","protected":false},"excerpt":{"rendered":"<p>Pr Marc Bonneville Vice-Pr\u00e9sident des Affaires M\u00e9dicales et Scientifiques, Institut M\u00e9rieux, France, et Directeur Scientifique chez ImCheck Therapeutics Docteur v\u00e9t\u00e9rinaire et Directeur de recherche au CNRS, Prof. Marc Bonneville est actuellement Directeur Scientifique et M\u00e9dical de l\u2019Institut M\u00e9rieux. De 1983 \u00e0 2013, il a men\u00e9 une carri\u00e8re de chercheur acad\u00e9mique en immunologie et a dirig\u00e9, dans ce cadre, un centre de recherche INSERM en France pendant plus de quinze ans. En 2013, il est nomm\u00e9 Vice-Pr\u00e9sident en charge des Affaires Scientifiques et M\u00e9dicales de l\u2019Institut M\u00e9rieux, un groupe biopharmaceutique d\u00e9veloppant des activit\u00e9s de diagnostic, de th\u00e9rapie et de services dans les domaines des maladies infectieuses, du cancer et de la s\u00e9curit\u00e9 alimentaire. Depuis 2016, il pr\u00e9side l\u2019Alliance pour la Recherche et l\u2019Innovation des Industries de Sant\u00e9 (ARIIS), une organisation favorisant les partenariats entre la recherche publique et les industries dans le domaine de l&rsquo;innovation en sant\u00e9. \u00a0Entre 2020 et 2022, Prof. Marc Bonneville a occup\u00e9 les fonctions de Directeur Scientifique et M\u00e9dical de la Fondation M\u00e9rieux, une organisation \u00e0 but non lucratif \u0153uvrant au renforcement des capacit\u00e9s de diagnostic et de recherche dans les pays et communaut\u00e9s les plus vuln\u00e9rables face aux maladies infectieuses. Auteur de plus de 200 publications scientifiques, il est \u00e9galement co-inventeur de huit brevets et cofondateur de la soci\u00e9t\u00e9 Innate Pharma SA. Il a particip\u00e9 \u00e0 plus de cinquante conseils scientifiques et comit\u00e9s d\u2019\u00e9valuation nationaux et internationaux. Prof.\u00a0 Marc Bonneville est laur\u00e9at des m\u00e9dailles de bronze et d\u2019argent du CNRS, ainsi que de plusieurs prix d\u00e9cern\u00e9s par des fondations caritatives.<\/p>","protected":false},"author":1,"featured_media":0,"parent":0,"menu_order":0,"comment_status":"closed","ping_status":"closed","template":"","meta":{"site-sidebar-layout":"no-sidebar","site-content-layout":"","ast-site-content-layout":"full-width-container","site-content-style":"default","site-sidebar-style":"default","ast-global-header-display":"","ast-banner-title-visibility":"","ast-main-header-display":"","ast-hfb-above-header-display":"","ast-hfb-below-header-display":"","ast-hfb-mobile-header-display":"","site-post-title":"disabled","ast-breadcrumbs-content":"","ast-featured-img":"disabled","footer-sml-layout":"","theme-transparent-header-meta":"","adv-header-id-meta":"","stick-header-meta":"","header-above-stick-meta":"","header-main-stick-meta":"","header-below-stick-meta":"","astra-migrate-meta-layouts":"default","ast-page-background-enabled":"default","ast-page-background-meta":{"desktop":{"background-color":"var(--ast-global-color-4)","background-image":"","background-repeat":"repeat","background-position":"center center","background-size":"auto","background-attachment":"scroll","background-type":"","background-media":"","overlay-type":"","overlay-color":"","overlay-opacity":"","overlay-gradient":""},"tablet":{"background-color":"","background-image":"","background-repeat":"repeat","background-position":"center center","background-size":"auto","background-attachment":"scroll","background-type":"","background-media":"","overlay-type":"","overlay-color":"","overlay-opacity":"","overlay-gradient":""},"mobile":{"background-color":"","background-image":"","background-repeat":"repeat","background-position":"center center","background-size":"auto","background-attachment":"scroll","background-type":"","background-media":"","overlay-type":"","overlay-color":"","overlay-opacity":"","overlay-gradient":""}},"ast-content-background-meta":{"desktop":{"background-color":"var(--ast-global-color-5)","background-image":"","background-repeat":"repeat","background-position":"center center","background-size":"auto","background-attachment":"scroll","background-type":"","background-media":"","overlay-type":"","overlay-color":"","overlay-opacity":"","overlay-gradient":""},"tablet":{"background-color":"var(--ast-global-color-5)","background-image":"","background-repeat":"repeat","background-position":"center center","background-size":"auto","background-attachment":"scroll","background-type":"","background-media":"","overlay-type":"","overlay-color":"","overlay-opacity":"","overlay-gradient":""},"mobile":{"background-color":"var(--ast-global-color-5)","background-image":"","background-repeat":"repeat","background-position":"center center","background-size":"auto","background-attachment":"scroll","background-type":"","background-media":"","overlay-type":"","overlay-color":"","overlay-opacity":"","overlay-gradient":""}},"footnotes":""},"class_list":["post-1238","page","type-page","status-publish","hentry"],"_links":{"self":[{"href":"https:\/\/ab-i.tech\/en\/wp-json\/wp\/v2\/pages\/1238","targetHints":{"allow":["GET"]}}],"collection":[{"href":"https:\/\/ab-i.tech\/en\/wp-json\/wp\/v2\/pages"}],"about":[{"href":"https:\/\/ab-i.tech\/en\/wp-json\/wp\/v2\/types\/page"}],"author":[{"embeddable":true,"href":"https:\/\/ab-i.tech\/en\/wp-json\/wp\/v2\/users\/1"}],"replies":[{"embeddable":true,"href":"https:\/\/ab-i.tech\/en\/wp-json\/wp\/v2\/comments?post=1238"}],"version-history":[{"count":103,"href":"https:\/\/ab-i.tech\/en\/wp-json\/wp\/v2\/pages\/1238\/revisions"}],"predecessor-version":[{"id":3742,"href":"https:\/\/ab-i.tech\/en\/wp-json\/wp\/v2\/pages\/1238\/revisions\/3742"}],"wp:attachment":[{"href":"https:\/\/ab-i.tech\/en\/wp-json\/wp\/v2\/media?parent=1238"}],"curies":[{"name":"wp","href":"https:\/\/api.w.org\/{rel}","templated":true}]}}